{"id":2189,"date":"2025-04-03T15:25:12","date_gmt":"2025-04-03T15:25:12","guid":{"rendered":"https:\/\/rosi-interreg.com\/?page_id=2189"},"modified":"2025-04-06T18:55:54","modified_gmt":"2025-04-06T18:55:54","slug":"education","status":"publish","type":"page","link":"https:\/\/rosi-interreg.com\/sr\/education\/","title":{"rendered":"Edukacija"},"content":{"rendered":"<div data-elementor-type=\"wp-page\" data-elementor-id=\"2189\" class=\"elementor elementor-2189\" wpc-filter-elementor-widget=\"1\">\n\t\t\t\t<div class=\"elementor-element elementor-element-6b20147 e-flex e-con-boxed e-con e-parent\" data-id=\"6b20147\" data-element_type=\"container\" data-e-type=\"container\">\n\t\t\t\t\t<div class=\"e-con-inner\">\n\t\t\t\t<div class=\"elementor-element elementor-element-606d31c elementor-widget elementor-widget-working-steps\" data-id=\"606d31c\" data-element_type=\"widget\" data-e-type=\"widget\" data-widget_type=\"working-steps.default\">\n\t\t\t\t<div class=\"elementor-widget-container\">\n\t\t\t\t\t\t\t\t\t\t\t\t\t\t\t        <div class=\"row justify-content-center row-cols-1 row-cols-sm-2 row-cols-lg-3 row-cols-xl-4\">\r\n\t\t\t        \t\t\t\t                <div class=\"col\">\r\n\t\t\t                    <div class=\"categories__item-three\">\r\n\t\t\t                    \t<a href=\"https:\/\/rosi-interreg.com\/sr\/category\/social-inovations\/\">\r\n\t\t\t                    \t\t\t\t\t\t\t                    \t<div class=\"thumb\">\r\n\t\t\t\t\t                    \t\t<img decoding=\"async\" src=\"http:\/\/rosi-interreg.com\/wp-content\/uploads\/2023\/07\/cat04.jpg\">\r\n\t\t\t\t\t                    \t<\/div>\r\n\t\t\t\t                    \t\t\t                                <div class=\"info\">\r\n\t\t                                    <div class=\"list\"><span class=\"courses\">02<\/span><\/div>\r\n\t\t                                    \t\t                                    \t<div class=\"list\"><span class=\"name\">Social Inovation<\/span><\/div>\r\n\t\t                                \t\t\t                                <\/div>\r\n\t\t\t\t                    <\/a>\r\n\t\t\t                    <\/div>\r\n\t\t\t                <\/div>\r\n\t\t\t            \t\t\t                <div class=\"col\">\r\n\t\t\t                    <div class=\"categories__item-three\">\r\n\t\t\t                    \t<a href=\"https:\/\/rosi-interreg.com\/sr\/category\/business-models\/\">\r\n\t\t\t                    \t\t\t\t\t\t\t                    \t<div class=\"thumb\">\r\n\t\t\t\t\t                    \t\t<img decoding=\"async\" src=\"http:\/\/rosi-interreg.com\/wp-content\/uploads\/2023\/07\/cat03.jpg\">\r\n\t\t\t\t\t                    \t<\/div>\r\n\t\t\t\t                    \t\t\t                                <div class=\"info\">\r\n\t\t                                    <div class=\"list\"><span class=\"courses\">Lekcije<\/span><\/div>\r\n\t\t                                    \t\t                                    \t<div class=\"list\"><span class=\"name\">Poslovni Modeli<\/span><\/div>\r\n\t\t                                \t\t\t                                <\/div>\r\n\t\t\t\t                    <\/a>\r\n\t\t\t                    <\/div>\r\n\t\t\t                <\/div>\r\n\t\t\t            \t\t\t                <div class=\"col\">\r\n\t\t\t                    <div class=\"categories__item-three\">\r\n\t\t\t                    \t<a href=\"https:\/\/rosi-interreg.com\/sr\/category\/social-economy\/\">\r\n\t\t\t                    \t\t\t\t\t\t\t                    \t<div class=\"thumb\">\r\n\t\t\t\t\t                    \t\t<img decoding=\"async\" src=\"http:\/\/rosi-interreg.com\/wp-content\/uploads\/2023\/07\/cat02.jpg\">\r\n\t\t\t\t\t                    \t<\/div>\r\n\t\t\t\t                    \t\t\t                                <div class=\"info\">\r\n\t\t                                    <div class=\"list\"><span class=\"courses\">Lekcije<\/span><\/div>\r\n\t\t                                    \t\t                                    \t<div class=\"list\"><span class=\"name\">Socijalna Ekonomija<\/span><\/div>\r\n\t\t                                \t\t\t                                <\/div>\r\n\t\t\t\t                    <\/a>\r\n\t\t\t                    <\/div>\r\n\t\t\t                <\/div>\r\n\t\t\t            \t\t\t        <\/div>\r\n\t\t        \t        \t\t\t\t\t\t<\/div>\n\t\t\t\t<\/div>\n\t\t\t\t\t<\/div>\n\t\t\t\t<\/div>\n\t\t<div class=\"elementor-element elementor-element-53ac639 e-flex e-con-boxed e-con e-parent\" data-id=\"53ac639\" data-element_type=\"container\" data-e-type=\"container\">\n\t\t\t\t\t<div class=\"e-con-inner\">\n\t\t\t\t<div class=\"elementor-element elementor-element-ae32b88 elementor-widget elementor-widget-working-steps\" data-id=\"ae32b88\" data-element_type=\"widget\" data-e-type=\"widget\" data-widget_type=\"working-steps.default\">\n\t\t\t\t<div class=\"elementor-widget-container\">\n\t\t\t\t\t\t\t\t\t\t\t\t\t\t\t        <div class=\"row justify-content-center row-cols-1 row-cols-sm-2 row-cols-lg-3 row-cols-xl-4\">\r\n\t\t\t        \t\t\t\t                <div class=\"col\">\r\n\t\t\t                    <div class=\"categories__item-three\">\r\n\t\t\t                    \t<a href=\"https:\/\/rosi-interreg.com\/sr\/category\/project-design\/\">\r\n\t\t\t                    \t\t\t\t\t\t\t                    \t<div class=\"thumb\">\r\n\t\t\t\t\t                    \t\t<img decoding=\"async\" src=\"http:\/\/rosi-interreg.com\/wp-content\/uploads\/2025\/04\/Project-Design.png\">\r\n\t\t\t\t\t                    \t<\/div>\r\n\t\t\t\t                    \t\t\t                                <div class=\"info\">\r\n\t\t                                    <div class=\"list\"><span class=\"courses\">02<\/span><\/div>\r\n\t\t                                    \t\t                                    \t<div class=\"list\"><span class=\"name\">Projektni Dizajn<\/span><\/div>\r\n\t\t                                \t\t\t                                <\/div>\r\n\t\t\t\t                    <\/a>\r\n\t\t\t                    <\/div>\r\n\t\t\t                <\/div>\r\n\t\t\t            \t\t\t                <div class=\"col\">\r\n\t\t\t                    <div class=\"categories__item-three\">\r\n\t\t\t                    \t<a href=\"https:\/\/rosi-interreg.com\/sr\/category\/innovation-practices\/\">\r\n\t\t\t                    \t\t\t\t\t\t\t                    \t<div class=\"thumb\">\r\n\t\t\t\t\t                    \t\t<img decoding=\"async\" src=\"http:\/\/rosi-interreg.com\/wp-content\/uploads\/2025\/04\/Inovation-practices-1.png\">\r\n\t\t\t\t\t                    \t<\/div>\r\n\t\t\t\t                    \t\t\t                                <div class=\"info\">\r\n\t\t                                    <div class=\"list\"><span class=\"courses\">Lekcije<\/span><\/div>\r\n\t\t                                    \t\t                                    \t<div class=\"list\"><span class=\"name\">Inovacione prakse<\/span><\/div>\r\n\t\t                                \t\t\t                                <\/div>\r\n\t\t\t\t                    <\/a>\r\n\t\t\t                    <\/div>\r\n\t\t\t                <\/div>\r\n\t\t\t            \t\t\t                <div class=\"col\">\r\n\t\t\t                    <div class=\"categories__item-three\">\r\n\t\t\t                    \t<a href=\"https:\/\/rosi-interreg.com\/sr\/category\/project-management\/\">\r\n\t\t\t                    \t\t\t\t\t\t\t                    \t<div class=\"thumb\">\r\n\t\t\t\t\t                    \t\t<img decoding=\"async\" src=\"http:\/\/rosi-interreg.com\/wp-content\/uploads\/2025\/04\/Project-management.png\">\r\n\t\t\t\t\t                    \t<\/div>\r\n\t\t\t\t                    \t\t\t                                <div class=\"info\">\r\n\t\t                                    <div class=\"list\"><span class=\"courses\">Lekcije<\/span><\/div>\r\n\t\t                                    \t\t                                    \t<div class=\"list\"><span class=\"name\">Menad\u017ement<\/span><\/div>\r\n\t\t                                \t\t\t                                <\/div>\r\n\t\t\t\t                    <\/a>\r\n\t\t\t                    <\/div>\r\n\t\t\t                <\/div>\r\n\t\t\t            \t\t\t        <\/div>\r\n\t\t        \t        \t\t\t\t\t\t<\/div>\n\t\t\t\t<\/div>\n\t\t\t\t\t<\/div>\n\t\t\t\t<\/div>\n\t\t<div class=\"elementor-element elementor-element-8f8aa3e e-flex e-con-boxed e-con e-parent\" data-id=\"8f8aa3e\" data-element_type=\"container\" data-e-type=\"container\">\n\t\t\t\t\t<div class=\"e-con-inner\">\n\t\t\t\t<div class=\"elementor-element elementor-element-cc566d6 elementor-widget elementor-widget-text-editor\" data-id=\"cc566d6\" data-element_type=\"widget\" data-e-type=\"widget\" data-widget_type=\"text-editor.default\">\n\t\t\t\t<div class=\"elementor-widget-container\">\n\t\t\t\t\t\t\t\t\t<p><i><span style=\"font-weight: 400;\">Ova veb stranica je izra\u0111ena uz pomo\u0107 Evropske unije. Sadr\u017eaj ove veb stranice isklju\u010diva je odgovornost Razvojne agencije Vukovar d.o.o. i ni na koji na\u010din ne odra\u017eava stavove Evropske unije.<\/span><\/i><\/p>\t\t\t\t\t\t\t\t<\/div>\n\t\t\t\t<\/div>\n\t\t\t\t<div class=\"elementor-element elementor-element-e82ddd4 elementor-widget elementor-widget-image\" data-id=\"e82ddd4\" data-element_type=\"widget\" data-e-type=\"widget\" data-widget_type=\"image.default\">\n\t\t\t\t<div class=\"elementor-widget-container\">\n\t\t\t\t\t\t\t\t\t\t\t\t\t\t\t<img fetchpriority=\"high\" decoding=\"async\" width=\"457\" height=\"138\" src=\"https:\/\/rosi-interreg.com\/wp-content\/uploads\/2025\/03\/Logo-IPA-Croatia-Serbia.png\" class=\"attachment-large size-large wp-image-1884\" alt=\"\" srcset=\"https:\/\/rosi-interreg.com\/wp-content\/uploads\/2025\/03\/Logo-IPA-Croatia-Serbia.png 457w, https:\/\/rosi-interreg.com\/wp-content\/uploads\/2025\/03\/Logo-IPA-Croatia-Serbia-300x91.png 300w\" sizes=\"(max-width: 457px) 100vw, 457px\" \/>\t\t\t\t\t\t\t\t\t\t\t\t\t\t\t<\/div>\n\t\t\t\t<\/div>\n\t\t\t\t\t<\/div>\n\t\t\t\t<\/div>\n\t\t\t\t<\/div>","protected":false},"excerpt":{"rendered":"<p>02 Social Inovation 09 Courses Business Models 09 Courses Social Economy 02 Project Design 09 Courses Innovation Practices 09 Courses Project Management This website has been produced with the assistance [&hellip;]<\/p>\n","protected":false},"author":1,"featured_media":0,"parent":0,"menu_order":0,"comment_status":"closed","ping_status":"closed","template":"","meta":{"_acf_changed":false,"_bbp_topic_count":0,"_bbp_reply_count":0,"_bbp_total_topic_count":0,"_bbp_total_reply_count":0,"_bbp_voice_count":0,"_bbp_anonymous_reply_count":0,"_bbp_topic_count_hidden":0,"_bbp_reply_count_hidden":0,"_bbp_forum_subforum_count":0,"_glsr_average":0,"_glsr_ranking":0,"_glsr_reviews":0,"footnotes":""},"class_list":["post-2189","page","type-page","status-publish","hentry"],"acf":[],"yoast_head":"<!-- This site is optimized with the Yoast SEO plugin v27.3 - https:\/\/yoast.com\/product\/yoast-seo-wordpress\/ -->\n<title>Education - rosi-interreg.com<\/title>\n<meta name=\"robots\" content=\"index, follow, max-snippet:-1, max-image-preview:large, max-video-preview:-1\" \/>\n<link rel=\"canonical\" href=\"https:\/\/rosi-interreg.com\/sr\/education\/\" \/>\n<meta property=\"og:locale\" content=\"sr_RS\" \/>\n<meta property=\"og:type\" content=\"article\" \/>\n<meta property=\"og:title\" content=\"Education - rosi-interreg.com\" \/>\n<meta property=\"og:description\" content=\"02 Social Inovation 09 Courses Business Models 09 Courses Social Economy 02 Project Design 09 Courses Innovation Practices 09 Courses Project Management This website has been produced with the assistance [&hellip;]\" \/>\n<meta property=\"og:url\" content=\"https:\/\/rosi-interreg.com\/sr\/education\/\" \/>\n<meta property=\"og:site_name\" content=\"rosi-interreg.com\" \/>\n<meta property=\"article:publisher\" content=\"https:\/\/www.facebook.com\/profile.php?id=61566823857024\" \/>\n<meta property=\"article:modified_time\" content=\"2025-04-06T18:55:54+00:00\" \/>\n<meta property=\"og:image\" content=\"http:\/\/rosi-interreg.com\/wp-content\/uploads\/2023\/07\/cat04.jpg\" \/>\n<meta name=\"twitter:card\" content=\"summary_large_image\" \/>\n<meta name=\"twitter:label1\" content=\"\u041f\u0440\u043e\u0446\u0435\u045a\u0435\u043d\u043e \u0432\u0440\u0435\u043c\u0435 \u0447\u0438\u0442\u0430\u045a\u0430\" \/>\n\t<meta name=\"twitter:data1\" content=\"2 \u043c\u0438\u043d\u0443\u0442\u0430\" \/>\n<script type=\"application\/ld+json\" class=\"yoast-schema-graph\">{\"@context\":\"https:\\\/\\\/schema.org\",\"@graph\":[{\"@type\":\"WebPage\",\"@id\":\"https:\\\/\\\/rosi-interreg.com\\\/education\\\/\",\"url\":\"https:\\\/\\\/rosi-interreg.com\\\/education\\\/\",\"name\":\"Education - rosi-interreg.com\",\"isPartOf\":{\"@id\":\"https:\\\/\\\/www.rosi-interreg.com\\\/hr\\\/#website\"},\"primaryImageOfPage\":{\"@id\":\"https:\\\/\\\/rosi-interreg.com\\\/education\\\/#primaryimage\"},\"image\":{\"@id\":\"https:\\\/\\\/rosi-interreg.com\\\/education\\\/#primaryimage\"},\"thumbnailUrl\":\"http:\\\/\\\/rosi-interreg.com\\\/wp-content\\\/uploads\\\/2023\\\/07\\\/cat04.jpg\",\"datePublished\":\"2025-04-03T15:25:12+00:00\",\"dateModified\":\"2025-04-06T18:55:54+00:00\",\"breadcrumb\":{\"@id\":\"https:\\\/\\\/rosi-interreg.com\\\/education\\\/#breadcrumb\"},\"inLanguage\":\"sr-RS\",\"potentialAction\":[{\"@type\":\"ReadAction\",\"target\":[\"https:\\\/\\\/rosi-interreg.com\\\/education\\\/\"]}]},{\"@type\":\"ImageObject\",\"inLanguage\":\"sr-RS\",\"@id\":\"https:\\\/\\\/rosi-interreg.com\\\/education\\\/#primaryimage\",\"url\":\"http:\\\/\\\/rosi-interreg.com\\\/wp-content\\\/uploads\\\/2023\\\/07\\\/cat04.jpg\",\"contentUrl\":\"http:\\\/\\\/rosi-interreg.com\\\/wp-content\\\/uploads\\\/2023\\\/07\\\/cat04.jpg\"},{\"@type\":\"BreadcrumbList\",\"@id\":\"https:\\\/\\\/rosi-interreg.com\\\/education\\\/#breadcrumb\",\"itemListElement\":[{\"@type\":\"ListItem\",\"position\":1,\"name\":\"Home\",\"item\":\"https:\\\/\\\/rosi-interreg.com\\\/\"},{\"@type\":\"ListItem\",\"position\":2,\"name\":\"Education\"}]},{\"@type\":\"WebSite\",\"@id\":\"https:\\\/\\\/www.rosi-interreg.com\\\/hr\\\/#website\",\"url\":\"https:\\\/\\\/www.rosi-interreg.com\\\/hr\\\/\",\"name\":\"rosi-interreg.com\",\"description\":\"\",\"publisher\":{\"@id\":\"https:\\\/\\\/www.rosi-interreg.com\\\/hr\\\/#organization\"},\"potentialAction\":[{\"@type\":\"SearchAction\",\"target\":{\"@type\":\"EntryPoint\",\"urlTemplate\":\"https:\\\/\\\/www.rosi-interreg.com\\\/hr\\\/?s={search_term_string}\"},\"query-input\":{\"@type\":\"PropertyValueSpecification\",\"valueRequired\":true,\"valueName\":\"search_term_string\"}}],\"inLanguage\":\"sr-RS\"},{\"@type\":\"Organization\",\"@id\":\"https:\\\/\\\/www.rosi-interreg.com\\\/hr\\\/#organization\",\"name\":\"rosi-interreg.com\",\"url\":\"https:\\\/\\\/www.rosi-interreg.com\\\/hr\\\/\",\"logo\":{\"@type\":\"ImageObject\",\"inLanguage\":\"sr-RS\",\"@id\":\"https:\\\/\\\/www.rosi-interreg.com\\\/hr\\\/#\\\/schema\\\/logo\\\/image\\\/\",\"url\":\"https:\\\/\\\/rosi-interreg.com\\\/wp-content\\\/uploads\\\/2025\\\/03\\\/cropped-rosi-logo-blue.png\",\"contentUrl\":\"https:\\\/\\\/rosi-interreg.com\\\/wp-content\\\/uploads\\\/2025\\\/03\\\/cropped-rosi-logo-blue.png\",\"width\":179,\"height\":64,\"caption\":\"rosi-interreg.com\"},\"image\":{\"@id\":\"https:\\\/\\\/www.rosi-interreg.com\\\/hr\\\/#\\\/schema\\\/logo\\\/image\\\/\"},\"sameAs\":[\"https:\\\/\\\/www.facebook.com\\\/profile.php?id=61566823857024\"]}]}<\/script>\n<!-- \/ Yoast SEO plugin. -->","yoast_head_json":{"title":"Education - rosi-interreg.com","robots":{"index":"index","follow":"follow","max-snippet":"max-snippet:-1","max-image-preview":"max-image-preview:large","max-video-preview":"max-video-preview:-1"},"canonical":"https:\/\/rosi-interreg.com\/sr\/education\/","og_locale":"sr_RS","og_type":"article","og_title":"Education - rosi-interreg.com","og_description":"02 Social Inovation 09 Courses Business Models 09 Courses Social Economy 02 Project Design 09 Courses Innovation Practices 09 Courses Project Management This website has been produced with the assistance [&hellip;]","og_url":"https:\/\/rosi-interreg.com\/sr\/education\/","og_site_name":"rosi-interreg.com","article_publisher":"https:\/\/www.facebook.com\/profile.php?id=61566823857024","article_modified_time":"2025-04-06T18:55:54+00:00","og_image":[{"url":"http:\/\/rosi-interreg.com\/wp-content\/uploads\/2023\/07\/cat04.jpg","type":"","width":"","height":""}],"twitter_card":"summary_large_image","twitter_misc":{"\u041f\u0440\u043e\u0446\u0435\u045a\u0435\u043d\u043e \u0432\u0440\u0435\u043c\u0435 \u0447\u0438\u0442\u0430\u045a\u0430":"2 \u043c\u0438\u043d\u0443\u0442\u0430"},"schema":{"@context":"https:\/\/schema.org","@graph":[{"@type":"WebPage","@id":"https:\/\/rosi-interreg.com\/education\/","url":"https:\/\/rosi-interreg.com\/education\/","name":"Education - rosi-interreg.com","isPartOf":{"@id":"https:\/\/www.rosi-interreg.com\/hr\/#website"},"primaryImageOfPage":{"@id":"https:\/\/rosi-interreg.com\/education\/#primaryimage"},"image":{"@id":"https:\/\/rosi-interreg.com\/education\/#primaryimage"},"thumbnailUrl":"http:\/\/rosi-interreg.com\/wp-content\/uploads\/2023\/07\/cat04.jpg","datePublished":"2025-04-03T15:25:12+00:00","dateModified":"2025-04-06T18:55:54+00:00","breadcrumb":{"@id":"https:\/\/rosi-interreg.com\/education\/#breadcrumb"},"inLanguage":"sr-RS","potentialAction":[{"@type":"ReadAction","target":["https:\/\/rosi-interreg.com\/education\/"]}]},{"@type":"ImageObject","inLanguage":"sr-RS","@id":"https:\/\/rosi-interreg.com\/education\/#primaryimage","url":"http:\/\/rosi-interreg.com\/wp-content\/uploads\/2023\/07\/cat04.jpg","contentUrl":"http:\/\/rosi-interreg.com\/wp-content\/uploads\/2023\/07\/cat04.jpg"},{"@type":"BreadcrumbList","@id":"https:\/\/rosi-interreg.com\/education\/#breadcrumb","itemListElement":[{"@type":"ListItem","position":1,"name":"Home","item":"https:\/\/rosi-interreg.com\/"},{"@type":"ListItem","position":2,"name":"Education"}]},{"@type":"WebSite","@id":"https:\/\/www.rosi-interreg.com\/hr\/#website","url":"https:\/\/www.rosi-interreg.com\/hr\/","name":"rosi-interreg.com","description":"","publisher":{"@id":"https:\/\/www.rosi-interreg.com\/hr\/#organization"},"potentialAction":[{"@type":"SearchAction","target":{"@type":"EntryPoint","urlTemplate":"https:\/\/www.rosi-interreg.com\/hr\/?s={search_term_string}"},"query-input":{"@type":"PropertyValueSpecification","valueRequired":true,"valueName":"search_term_string"}}],"inLanguage":"sr-RS"},{"@type":"Organization","@id":"https:\/\/www.rosi-interreg.com\/hr\/#organization","name":"rosi-interreg.com","url":"https:\/\/www.rosi-interreg.com\/hr\/","logo":{"@type":"ImageObject","inLanguage":"sr-RS","@id":"https:\/\/www.rosi-interreg.com\/hr\/#\/schema\/logo\/image\/","url":"https:\/\/rosi-interreg.com\/wp-content\/uploads\/2025\/03\/cropped-rosi-logo-blue.png","contentUrl":"https:\/\/rosi-interreg.com\/wp-content\/uploads\/2025\/03\/cropped-rosi-logo-blue.png","width":179,"height":64,"caption":"rosi-interreg.com"},"image":{"@id":"https:\/\/www.rosi-interreg.com\/hr\/#\/schema\/logo\/image\/"},"sameAs":["https:\/\/www.facebook.com\/profile.php?id=61566823857024"]}]}},"_links":{"self":[{"href":"https:\/\/rosi-interreg.com\/sr\/wp-json\/wp\/v2\/pages\/2189","targetHints":{"allow":["GET"]}}],"collection":[{"href":"https:\/\/rosi-interreg.com\/sr\/wp-json\/wp\/v2\/pages"}],"about":[{"href":"https:\/\/rosi-interreg.com\/sr\/wp-json\/wp\/v2\/types\/page"}],"author":[{"embeddable":true,"href":"https:\/\/rosi-interreg.com\/sr\/wp-json\/wp\/v2\/users\/1"}],"replies":[{"embeddable":true,"href":"https:\/\/rosi-interreg.com\/sr\/wp-json\/wp\/v2\/comments?post=2189"}],"version-history":[{"count":76,"href":"https:\/\/rosi-interreg.com\/sr\/wp-json\/wp\/v2\/pages\/2189\/revisions"}],"predecessor-version":[{"id":2378,"href":"https:\/\/rosi-interreg.com\/sr\/wp-json\/wp\/v2\/pages\/2189\/revisions\/2378"}],"wp:attachment":[{"href":"https:\/\/rosi-interreg.com\/sr\/wp-json\/wp\/v2\/media?parent=2189"}],"curies":[{"name":"wp","href":"https:\/\/api.w.org\/{rel}","templated":true}]}}